{"id":5,"date":"2018-12-11T09:42:36","date_gmt":"2018-12-11T07:42:36","guid":{"rendered":"http:\/\/wpaloitus.kehitys.tumedia.fi\/?page_id=5"},"modified":"2019-11-06T15:06:44","modified_gmt":"2019-11-06T13:06:44","slug":"etusivu","status":"publish","type":"page","link":"https:\/\/www.jalmare.com\/fi\/","title":{"rendered":"Etusivu"},"content":{"rendered":"<h1>\n\t\tWE GET THINGS DONE\n\t<\/h1>\n\t<h2>Tietoa meist\u00e4<\/h2>\n<p>Jalmare Oy on erikoistunut suunnitteluun, ty\u00f6voimanv\u00e4litykseen, projekteihin sek\u00e4 materiaalitoimituksiin. Tavoitteenamme on l\u00f6yt\u00e4\u00e4 parhaat ratkaisut asiakkaidemme tarpeisiin. Ty\u00f6voimamme ja toimittajarverkostomme tulevat Romaniasta ja Suomesta.<\/p>\n<p>Yrityksemme kotimaan toiminnot sijaitsevat Suomen laivanrakennusteollisuuden keskittym\u00e4ss\u00e4, Lounais-Suomessa. Osa yrityksemme avainhenkil\u00f6ist\u00e4 ty\u00f6skentelee Romanian Constantassa Mustanmeren rannikolla, jossa on my\u00f6s pitk\u00e4t perinteet metalli- ja laivanrakennusteollisuudessa. Suomen ja Romanian kotimarkkinoiden lis\u00e4ksi toimimme laivanrakennus- ja korjausteollisuudessa kansainv\u00e4lisesti.<\/p>\n<p>&nbsp;<\/p>\n\t<p>Jalmare<br>suunnittelu<\/p>\n\t<h2>Suunnittelu<\/h2>\n<p>Tarjoamme laivanrakennus-, offshore- ja prosessiteollisuudelle suunnittelupalveluja sis\u00e4lt\u00e4en konsepti, perus- ja detaljisuunnittelupalvelut. Vahvuutenamme on my\u00f6s tekninen laskenta ja simulointi.<\/p>\n<p>Otamme tarvittaessa kokonaisvastuun suunnitteluprojekteista tai toimitamme tiimit ja yksitt\u00e4iset suunnittelijat asiakkaidemme k\u00e4ytt\u00f6\u00f6n.\u00a0Suunnittelijamme voivat ty\u00f6skennell\u00e4 asiakasyrityksemme tiloissa tai suunnittelutoimistossamme Romanian Constantassa.<\/p>\n\t<h2><\/h2>\n<h2>Ty\u00f6voima<\/h2>\n<p>Tarjoamme ammattitaitoiset toimihenkil\u00f6t ja ty\u00f6ntekij\u00e4t asiakkaidemme vaatimusten ja toiveiden mukaisesti niin pitempiin kuin my\u00f6s lyhytaikaisempiin ty\u00f6teht\u00e4viin. L\u00f6yd\u00e4t meilt\u00e4 osaavat toimihenkil\u00f6t aina ty\u00f6njohtajista projektip\u00e4\u00e4llik\u00f6ihin ja suunnittelijoihin. Ty\u00f6ntekij\u00e4puolella edustamme etenkin teknisten alojen ammattiryhmi\u00e4, kuten kokoonpanijoita, hitsaajia, levyseppi\u00e4, putkiasentajia, maalareita ja s\u00e4hk\u00f6miehi\u00e4.<\/p>\n\t<p>Jalmare<br>ty\u00f6voima<\/p>\n\t<p>Jalmare<br>projektit<\/p>\n\t<h2>Projektit<\/h2>\n<p>Toteutamme metalli- ja laivanrakennusalan suunnittelu- ja asennusprojektit tarvittaessa avaimet k\u00e4teen -periaatteella. Olemme erikoistuneet painolastivesienk\u00e4sittelylaitteistoihin, savukaasupesureihin sek\u00e4 muihin teknisiin j\u00e4rjestelmiin. Toteutamme my\u00f6s projektit lohkonrakennukseen, konehuonevarusteluun, sek\u00e4 laitteistoasennuksiin.<\/p>\n\t<h2>Materiaalitoimitukset<\/h2>\n<p>Valmistamme asiakkaan tarpeiden ja vaatimusten mukaisesti metallikomponentteja ja esivalmisteita. Toimituksiimme kuuluvat muun muassa putket, kanavat, portaat, kaiteet sek\u00e4 erilaiset kiinnikkeet ja kannakkeet. Tuotteiden valmistus tapahtuu Romaniassa.<\/p>\n\t<p>Jalmare<br>materiaalitoimitukset<\/p>\n","protected":false},"excerpt":{"rendered":"<p>WE GET THINGS DONE Tietoa meist\u00e4 Jalmare Oy on erikoistunut suunnitteluun, ty\u00f6voimanv\u00e4litykseen, projekteihin sek\u00e4 materiaalitoimituksiin. Tavoitteenamme on l\u00f6yt\u00e4\u00e4 parhaat ratkaisut asiakkaidemme tarpeisiin. Ty\u00f6voimamme ja toimittajarverkostomme tulevat Romaniasta ja Suomesta. Yrityksemme kotimaan toiminnot sijaitsevat Suomen laivanrakennusteollisuuden keskittym\u00e4ss\u00e4, Lounais-Suomessa. Osa yrityksemme avainhenkil\u00f6ist\u00e4 ty\u00f6skentelee Romanian Constantassa Mustanmeren rannikolla, jossa on my\u00f6s pitk\u00e4t perinteet metalli- ja laivanrakennusteollisuudessa. Suomen ja [&hellip;]<\/p>\n","protected":false},"author":1,"featured_media":0,"parent":0,"menu_order":0,"comment_status":"closed","ping_status":"closed","template":"","meta":{"footnotes":""},"class_list":["post-5","page","type-page","status-publish","hentry"],"yoast_head":"<title>Jalmare Oy<\/title>\n<meta name=\"description\" content=\"Jalmare Oy on erikoistunut suunnitteluun, ty\u00f6voimanv\u00e4litykseen, projekteihin, sek\u00e4 materiaalitoimituksiin.\" \/>\n<meta name=\"robots\" content=\"index, follow, max-snippet:-1, max-image-preview:large, max-video-preview:-1\" \/>\n<link rel=\"canonical\" href=\"https:\/\/www.jalmare.com\/fi\/\" \/>\n<meta property=\"og:locale\" content=\"fi_FI\" \/>\n<meta property=\"og:type\" content=\"article\" \/>\n<meta property=\"og:title\" content=\"Jalmare Oy\" \/>\n<meta property=\"og:description\" content=\"Jalmare Oy on erikoistunut suunnitteluun, ty\u00f6voimanv\u00e4litykseen, projekteihin, sek\u00e4 materiaalitoimituksiin.\" \/>\n<meta property=\"og:url\" content=\"https:\/\/www.jalmare.com\/fi\/\" \/>\n<meta property=\"og:site_name\" content=\"Jalmare Oy\" \/>\n<meta property=\"article:modified_time\" content=\"2019-11-06T13:06:44+00:00\" \/>\n<meta property=\"og:image\" content=\"https:\/\/www.jalmare.com\/wp-content\/uploads\/2018\/12\/JALmare-favicon-512x512.png\" \/>\n\t<meta property=\"og:image:width\" content=\"512\" \/>\n\t<meta property=\"og:image:height\" content=\"512\" \/>\n\t<meta property=\"og:image:type\" content=\"image\/png\" \/>\n<meta name=\"twitter:label1\" content=\"Arvioitu lukuaika\" \/>\n\t<meta name=\"twitter:data1\" content=\"1 minuutti\" \/>\n<script type=\"application\/ld+json\" class=\"yoast-schema-graph\">{\"@context\":\"https:\\\/\\\/schema.org\",\"@graph\":[{\"@type\":\"WebPage\",\"@id\":\"https:\\\/\\\/www.jalmare.com\\\/fi\\\/\",\"url\":\"https:\\\/\\\/www.jalmare.com\\\/fi\\\/\",\"name\":\"Jalmare Oy\",\"isPartOf\":{\"@id\":\"https:\\\/\\\/www.jalmare.com\\\/fi\\\/#website\"},\"datePublished\":\"2018-12-11T07:42:36+00:00\",\"dateModified\":\"2019-11-06T13:06:44+00:00\",\"description\":\"Jalmare Oy on erikoistunut suunnitteluun, ty\u00f6voimanv\u00e4litykseen, projekteihin, sek\u00e4 materiaalitoimituksiin.\",\"breadcrumb\":{\"@id\":\"https:\\\/\\\/www.jalmare.com\\\/fi\\\/#breadcrumb\"},\"inLanguage\":\"fi\",\"potentialAction\":[{\"@type\":\"ReadAction\",\"target\":[\"https:\\\/\\\/www.jalmare.com\\\/fi\\\/\"]}]},{\"@type\":\"BreadcrumbList\",\"@id\":\"https:\\\/\\\/www.jalmare.com\\\/fi\\\/#breadcrumb\",\"itemListElement\":[{\"@type\":\"ListItem\",\"position\":1,\"name\":\"Home\",\"item\":\"https:\\\/\\\/www.jalmare.com\\\/fi\\\/\"},{\"@type\":\"ListItem\",\"position\":2,\"name\":\"Etusivu\"}]},{\"@type\":\"WebSite\",\"@id\":\"https:\\\/\\\/www.jalmare.com\\\/fi\\\/#website\",\"url\":\"https:\\\/\\\/www.jalmare.com\\\/fi\\\/\",\"name\":\"Jalmare Oy\",\"description\":\"\",\"potentialAction\":[{\"@type\":\"SearchAction\",\"target\":{\"@type\":\"EntryPoint\",\"urlTemplate\":\"https:\\\/\\\/www.jalmare.com\\\/fi\\\/?s={search_term_string}\"},\"query-input\":{\"@type\":\"PropertyValueSpecification\",\"valueRequired\":true,\"valueName\":\"search_term_string\"}}],\"inLanguage\":\"fi\"}]}<\/script>","yoast_head_json":{"title":"Jalmare Oy","description":"Jalmare Oy on erikoistunut suunnitteluun, ty\u00f6voimanv\u00e4litykseen, projekteihin, sek\u00e4 materiaalitoimituksiin.","robots":{"index":"index","follow":"follow","max-snippet":"max-snippet:-1","max-image-preview":"max-image-preview:large","max-video-preview":"max-video-preview:-1"},"canonical":"https:\/\/www.jalmare.com\/fi\/","og_locale":"fi_FI","og_type":"article","og_title":"Jalmare Oy","og_description":"Jalmare Oy on erikoistunut suunnitteluun, ty\u00f6voimanv\u00e4litykseen, projekteihin, sek\u00e4 materiaalitoimituksiin.","og_url":"https:\/\/www.jalmare.com\/fi\/","og_site_name":"Jalmare Oy","article_modified_time":"2019-11-06T13:06:44+00:00","og_image":[{"width":512,"height":512,"url":"https:\/\/www.jalmare.com\/wp-content\/uploads\/2018\/12\/JALmare-favicon-512x512.png","type":"image\/png"}],"twitter_misc":{"Arvioitu lukuaika":"1 minuutti"},"schema":{"@context":"https:\/\/schema.org","@graph":[{"@type":"WebPage","@id":"https:\/\/www.jalmare.com\/fi\/","url":"https:\/\/www.jalmare.com\/fi\/","name":"Jalmare Oy","isPartOf":{"@id":"https:\/\/www.jalmare.com\/fi\/#website"},"datePublished":"2018-12-11T07:42:36+00:00","dateModified":"2019-11-06T13:06:44+00:00","description":"Jalmare Oy on erikoistunut suunnitteluun, ty\u00f6voimanv\u00e4litykseen, projekteihin, sek\u00e4 materiaalitoimituksiin.","breadcrumb":{"@id":"https:\/\/www.jalmare.com\/fi\/#breadcrumb"},"inLanguage":"fi","potentialAction":[{"@type":"ReadAction","target":["https:\/\/www.jalmare.com\/fi\/"]}]},{"@type":"BreadcrumbList","@id":"https:\/\/www.jalmare.com\/fi\/#breadcrumb","itemListElement":[{"@type":"ListItem","position":1,"name":"Home","item":"https:\/\/www.jalmare.com\/fi\/"},{"@type":"ListItem","position":2,"name":"Etusivu"}]},{"@type":"WebSite","@id":"https:\/\/www.jalmare.com\/fi\/#website","url":"https:\/\/www.jalmare.com\/fi\/","name":"Jalmare Oy","description":"","potentialAction":[{"@type":"SearchAction","target":{"@type":"EntryPoint","urlTemplate":"https:\/\/www.jalmare.com\/fi\/?s={search_term_string}"},"query-input":{"@type":"PropertyValueSpecification","valueRequired":true,"valueName":"search_term_string"}}],"inLanguage":"fi"}]}},"_links":{"self":[{"href":"https:\/\/www.jalmare.com\/fi\/wp-json\/wp\/v2\/pages\/5","targetHints":{"allow":["GET"]}}],"collection":[{"href":"https:\/\/www.jalmare.com\/fi\/wp-json\/wp\/v2\/pages"}],"about":[{"href":"https:\/\/www.jalmare.com\/fi\/wp-json\/wp\/v2\/types\/page"}],"author":[{"embeddable":true,"href":"https:\/\/www.jalmare.com\/fi\/wp-json\/wp\/v2\/users\/1"}],"replies":[{"embeddable":true,"href":"https:\/\/www.jalmare.com\/fi\/wp-json\/wp\/v2\/comments?post=5"}],"version-history":[{"count":0,"href":"https:\/\/www.jalmare.com\/fi\/wp-json\/wp\/v2\/pages\/5\/revisions"}],"wp:attachment":[{"href":"https:\/\/www.jalmare.com\/fi\/wp-json\/wp\/v2\/media?parent=5"}],"curies":[{"name":"wp","href":"https:\/\/api.w.org\/{rel}","templated":true}]}}