{"id":1688,"date":"2018-12-14T17:44:44","date_gmt":"2018-12-14T15:44:44","guid":{"rendered":"https:\/\/www.jalmare.com\/?page_id=1688"},"modified":"2025-06-24T14:38:56","modified_gmt":"2025-06-24T11:38:56","slug":"yhteys","status":"publish","type":"page","link":"https:\/\/www.jalmare.com\/fi\/yhteys\/","title":{"rendered":"Yhteys"},"content":{"rendered":"\n\n\t<h1>Yhteyshenkil\u00f6t<\/h1>\nJuhani Lehtinen<br \/>\nToimitusjohtaja\nJaakko Lehtinen<br \/>\nMyyntijohtaja<br \/>\n<a href=\"tel:+358505297838\">+358 50 5297 838<\/a>\nMarian Ristea, PhD<br \/>\nTechnical Director<br \/>\nRO: <a href=\"tel:+40747087942\">+40 74 7087 942<\/a><br \/>\nFI: <a href=\"tel:+358401354002\">+358 40 1354 002<\/a>\n<p>S\u00e4hk\u00f6postiosoitteet: etunimi.sukunimi@jalmare.com<\/p>\n\t<h1>Yleiset yhteystiedot<\/h1>\nJalmare Oy<br \/>\nTuomaanpolku 4 A20<br \/>\n20500 Turku<br \/>\nFINLAND\n<p>Y-tunnus: 2949576-4<\/p>\n<p>&nbsp;<\/p>\n<h2>Laskutustiedot<\/h2>\n<p><strong>Verkkolaskuosoite:<\/strong><\/p>\n<strong>Operaattori<\/strong><br \/>\nApix Messaging Oy (003723327487)\n<strong>Verkkolaskuosoite<\/strong><br \/>\n003729495764\n<strong>OVT-tunnus<\/strong><br \/>\n003729495764\n<p>Mik\u00e4li ette voi l\u00e4hett\u00e4\u00e4 verkkolaskuja, pyyd\u00e4mme l\u00e4hett\u00e4m\u00e4\u00e4n paperiset laskut ostolaskujen skannauspalveluun osoitteeseen:<\/p>\n<strong>Jalmare Oy<\/strong><br \/>\n<strong>PL 99337<\/strong><br \/>\n<strong>00063 LASKUNET<\/strong>\n\n","protected":false},"excerpt":{"rendered":"<p>Yhteyshenkil\u00f6t Juhani Lehtinen Toimitusjohtaja Jaakko Lehtinen Myyntijohtaja +358 50 5297 838 Marian Ristea, PhD Technical Director RO: +40 74 7087 942 FI: +358 40 1354 002 S\u00e4hk\u00f6postiosoitteet: etunimi.sukunimi@jalmare.com Yleiset yhteystiedot Jalmare Oy Tuomaanpolku 4 A20 20500 Turku FINLAND Y-tunnus: 2949576-4 &nbsp; Laskutustiedot Verkkolaskuosoite: Operaattori Apix Messaging Oy (003723327487) Verkkolaskuosoite 003729495764 OVT-tunnus 003729495764 Mik\u00e4li ette voi [&hellip;]<\/p>\n","protected":false},"author":1,"featured_media":0,"parent":0,"menu_order":0,"comment_status":"closed","ping_status":"closed","template":"","meta":{"footnotes":""},"class_list":["post-1688","page","type-page","status-publish","hentry"],"yoast_head":"<title>Yhteys - Jalmare Oy<\/title>\n<meta name=\"robots\" content=\"index, follow, max-snippet:-1, max-image-preview:large, max-video-preview:-1\" \/>\n<link rel=\"canonical\" href=\"https:\/\/www.jalmare.com\/fi\/yhteys\/\" \/>\n<meta property=\"og:locale\" content=\"fi_FI\" \/>\n<meta property=\"og:type\" content=\"article\" \/>\n<meta property=\"og:title\" content=\"Yhteys - Jalmare Oy\" \/>\n<meta property=\"og:description\" content=\"Yhteyshenkil\u00f6t Juhani Lehtinen Toimitusjohtaja Jaakko Lehtinen Myyntijohtaja +358 50 5297 838 Marian Ristea, PhD Technical Director RO: +40 74 7087 942 FI: +358 40 1354 002 S\u00e4hk\u00f6postiosoitteet: etunimi.sukunimi@jalmare.com Yleiset yhteystiedot Jalmare Oy Tuomaanpolku 4 A20 20500 Turku FINLAND Y-tunnus: 2949576-4 &nbsp; Laskutustiedot Verkkolaskuosoite: Operaattori Apix Messaging Oy (003723327487) Verkkolaskuosoite 003729495764 OVT-tunnus 003729495764 Mik\u00e4li ette voi [&hellip;]\" \/>\n<meta property=\"og:url\" content=\"https:\/\/www.jalmare.com\/fi\/yhteys\/\" \/>\n<meta property=\"og:site_name\" content=\"Jalmare Oy\" \/>\n<meta property=\"article:modified_time\" content=\"2025-06-24T11:38:56+00:00\" \/>\n<meta property=\"og:image\" content=\"https:\/\/www.jalmare.com\/wp-content\/uploads\/2018\/12\/JALmare-favicon-512x512.png\" \/>\n\t<meta property=\"og:image:width\" content=\"512\" \/>\n\t<meta property=\"og:image:height\" content=\"512\" \/>\n\t<meta property=\"og:image:type\" content=\"image\/png\" \/>\n<script type=\"application\/ld+json\" class=\"yoast-schema-graph\">{\"@context\":\"https:\\\/\\\/schema.org\",\"@graph\":[{\"@type\":\"WebPage\",\"@id\":\"https:\\\/\\\/www.jalmare.com\\\/fi\\\/yhteys\\\/\",\"url\":\"https:\\\/\\\/www.jalmare.com\\\/fi\\\/yhteys\\\/\",\"name\":\"Yhteys - Jalmare Oy\",\"isPartOf\":{\"@id\":\"https:\\\/\\\/www.jalmare.com\\\/fi\\\/#website\"},\"datePublished\":\"2018-12-14T15:44:44+00:00\",\"dateModified\":\"2025-06-24T11:38:56+00:00\",\"breadcrumb\":{\"@id\":\"https:\\\/\\\/www.jalmare.com\\\/fi\\\/yhteys\\\/#breadcrumb\"},\"inLanguage\":\"fi\",\"potentialAction\":[{\"@type\":\"ReadAction\",\"target\":[\"https:\\\/\\\/www.jalmare.com\\\/fi\\\/yhteys\\\/\"]}]},{\"@type\":\"BreadcrumbList\",\"@id\":\"https:\\\/\\\/www.jalmare.com\\\/fi\\\/yhteys\\\/#breadcrumb\",\"itemListElement\":[{\"@type\":\"ListItem\",\"position\":1,\"name\":\"Home\",\"item\":\"https:\\\/\\\/www.jalmare.com\\\/fi\\\/\"},{\"@type\":\"ListItem\",\"position\":2,\"name\":\"Yhteys\"}]},{\"@type\":\"WebSite\",\"@id\":\"https:\\\/\\\/www.jalmare.com\\\/fi\\\/#website\",\"url\":\"https:\\\/\\\/www.jalmare.com\\\/fi\\\/\",\"name\":\"Jalmare Oy\",\"description\":\"\",\"potentialAction\":[{\"@type\":\"SearchAction\",\"target\":{\"@type\":\"EntryPoint\",\"urlTemplate\":\"https:\\\/\\\/www.jalmare.com\\\/fi\\\/?s={search_term_string}\"},\"query-input\":{\"@type\":\"PropertyValueSpecification\",\"valueRequired\":true,\"valueName\":\"search_term_string\"}}],\"inLanguage\":\"fi\"}]}<\/script>","yoast_head_json":{"title":"Yhteys - Jalmare Oy","robots":{"index":"index","follow":"follow","max-snippet":"max-snippet:-1","max-image-preview":"max-image-preview:large","max-video-preview":"max-video-preview:-1"},"canonical":"https:\/\/www.jalmare.com\/fi\/yhteys\/","og_locale":"fi_FI","og_type":"article","og_title":"Yhteys - Jalmare Oy","og_description":"Yhteyshenkil\u00f6t Juhani Lehtinen Toimitusjohtaja Jaakko Lehtinen Myyntijohtaja +358 50 5297 838 Marian Ristea, PhD Technical Director RO: +40 74 7087 942 FI: +358 40 1354 002 S\u00e4hk\u00f6postiosoitteet: etunimi.sukunimi@jalmare.com Yleiset yhteystiedot Jalmare Oy Tuomaanpolku 4 A20 20500 Turku FINLAND Y-tunnus: 2949576-4 &nbsp; Laskutustiedot Verkkolaskuosoite: Operaattori Apix Messaging Oy (003723327487) Verkkolaskuosoite 003729495764 OVT-tunnus 003729495764 Mik\u00e4li ette voi [&hellip;]","og_url":"https:\/\/www.jalmare.com\/fi\/yhteys\/","og_site_name":"Jalmare Oy","article_modified_time":"2025-06-24T11:38:56+00:00","og_image":[{"width":512,"height":512,"url":"https:\/\/www.jalmare.com\/wp-content\/uploads\/2018\/12\/JALmare-favicon-512x512.png","type":"image\/png"}],"schema":{"@context":"https:\/\/schema.org","@graph":[{"@type":"WebPage","@id":"https:\/\/www.jalmare.com\/fi\/yhteys\/","url":"https:\/\/www.jalmare.com\/fi\/yhteys\/","name":"Yhteys - Jalmare Oy","isPartOf":{"@id":"https:\/\/www.jalmare.com\/fi\/#website"},"datePublished":"2018-12-14T15:44:44+00:00","dateModified":"2025-06-24T11:38:56+00:00","breadcrumb":{"@id":"https:\/\/www.jalmare.com\/fi\/yhteys\/#breadcrumb"},"inLanguage":"fi","potentialAction":[{"@type":"ReadAction","target":["https:\/\/www.jalmare.com\/fi\/yhteys\/"]}]},{"@type":"BreadcrumbList","@id":"https:\/\/www.jalmare.com\/fi\/yhteys\/#breadcrumb","itemListElement":[{"@type":"ListItem","position":1,"name":"Home","item":"https:\/\/www.jalmare.com\/fi\/"},{"@type":"ListItem","position":2,"name":"Yhteys"}]},{"@type":"WebSite","@id":"https:\/\/www.jalmare.com\/fi\/#website","url":"https:\/\/www.jalmare.com\/fi\/","name":"Jalmare Oy","description":"","potentialAction":[{"@type":"SearchAction","target":{"@type":"EntryPoint","urlTemplate":"https:\/\/www.jalmare.com\/fi\/?s={search_term_string}"},"query-input":{"@type":"PropertyValueSpecification","valueRequired":true,"valueName":"search_term_string"}}],"inLanguage":"fi"}]}},"_links":{"self":[{"href":"https:\/\/www.jalmare.com\/fi\/wp-json\/wp\/v2\/pages\/1688","targetHints":{"allow":["GET"]}}],"collection":[{"href":"https:\/\/www.jalmare.com\/fi\/wp-json\/wp\/v2\/pages"}],"about":[{"href":"https:\/\/www.jalmare.com\/fi\/wp-json\/wp\/v2\/types\/page"}],"author":[{"embeddable":true,"href":"https:\/\/www.jalmare.com\/fi\/wp-json\/wp\/v2\/users\/1"}],"replies":[{"embeddable":true,"href":"https:\/\/www.jalmare.com\/fi\/wp-json\/wp\/v2\/comments?post=1688"}],"version-history":[{"count":1,"href":"https:\/\/www.jalmare.com\/fi\/wp-json\/wp\/v2\/pages\/1688\/revisions"}],"predecessor-version":[{"id":2027,"href":"https:\/\/www.jalmare.com\/fi\/wp-json\/wp\/v2\/pages\/1688\/revisions\/2027"}],"wp:attachment":[{"href":"https:\/\/www.jalmare.com\/fi\/wp-json\/wp\/v2\/media?parent=1688"}],"curies":[{"name":"wp","href":"https:\/\/api.w.org\/{rel}","templated":true}]}}